{"id":5,"date":"2020-01-23T21:11:00","date_gmt":"2020-01-23T23:11:00","guid":{"rendered":"http:\/\/dev.upcode.cloud\/famavida\/home\/"},"modified":"2025-02-17T15:38:57","modified_gmt":"2025-02-17T18:38:57","slug":"home","status":"publish","type":"page","link":"https:\/\/famavida.org.br\/site\/","title":{"rendered":"Home"},"content":{"rendered":"  <div id=\"activities-block_5e2cb032f42f4\" class=\"block block--activities activities block--alignfull\">\n    <div class=\"container\">\n      <div class=\"row\">\n        <div class=\"col-md-4 d-flex align-items-center\">\n          <div class=\"title d-flex flex-column justy-content-center\">\n            <p class=\"title--small\">Nossas<\/p>\n            <h2 class=\"title--section\">Atividades<\/h2>\n          <\/div>\n        <\/div>\n\n        <div class=\"col-md-8\">\n                      <ul class=\"list-unstyled m-0 p-0 d-flex\">\n                              <li>\n                  <a href=\"https:\/\/famavida.org.br\/site\/programa-social\/\" class=\"d-flex flex-column align-items-center justify-content-center\">\n                    <figure class=\"d-flex align-items-center justify-content-center\"><img src=\"https:\/\/famavida.org.br\/site\/wp-content\/uploads\/2020\/01\/logo-fama.png\" class=\"img-fluid\"><\/figure>\n                    <p class=\"text-center text-uppercase color-fir\">Conhe\u00e7a nosso Programa Social<\/p>\n                  <\/a>\n                <\/li>\n                              <li>\n                  <a href=\"https:\/\/famavida.org.br\/site\/projeto-educacional\/\" class=\"d-flex flex-column align-items-center justify-content-center\">\n                    <figure class=\"d-flex align-items-center justify-content-center\"><img src=\"https:\/\/famavida.org.br\/site\/wp-content\/uploads\/2020\/01\/logo-escola.png\" class=\"img-fluid\"><\/figure>\n                    <p class=\"text-center text-uppercase color-fir\">Conhe\u00e7a nosso Programa Educacional<\/p>\n                  <\/a>\n                <\/li>\n                              <li>\n                  <a href=\"https:\/\/famavida.org.br\/site\/servicos-postumos\/\" class=\"d-flex flex-column align-items-center justify-content-center\">\n                    <figure class=\"d-flex align-items-center justify-content-center\"><img src=\"https:\/\/famavida.org.br\/site\/wp-content\/uploads\/2020\/01\/logo-cemiterio.png\" class=\"img-fluid\"><\/figure>\n                    <p class=\"text-center text-uppercase color-fir\">Servi\u00e7os P\u00f3stumos<\/p>\n                  <\/a>\n                <\/li>\n                          <\/ul>\n                    <\/ul>\n        <\/div>\n      <\/div>\n    <\/div>\n  <\/div>\n\n\n<div class=\"wp-block-columns\">\n<div class=\"wp-block-column\">  <div class=\"block block--history d-flex align-items-star my-4\">\n    <div class=\"block--history__left d-flex justify-content-center\">\n      <figure class=\"m-0\"><img src=\"https:\/\/famavida.org.br\/site\/wp-content\/uploads\/2020\/01\/logo-fama.png\" class=\"img-fluid\"><\/figure>\n    <\/div>\n    <div class=\"block--history__right\">\n      <div class=\"content\">\n        <h2 class=\"text-uppercase\">Nossa Hist\u00f3ria<\/h2>\n        <p>15 Anos no aux\u00edlio da comunidade, um trabalho a frente das crian\u00e7as brasileiras&#8230;<\/p>\n      <\/div>\n    <\/div>\n  <\/div>\n\n  <div class=\"block block--mission d-flex flex-column align-items-center\">\n    <h2 class=\"text-uppercase text-center\">Miss\u00e3o<\/h2>\n    <p>Implementar a\u00e7\u00f5es na \u00e1rea de Assist\u00eancia Social para crian\u00e7as e adolescentes em vulnerabilidade socioecon\u00f4mica, juntamente com suas fam\u00edlias, atrav\u00e9s dos recursos advindos dos seus departamentos internos que geram renda. Para isso oferece atividades e oficinas que possam ocupar construtivamente o tempo das mesmas, evitando a exposi\u00e7\u00e3o delas aos riscos e perigos das ruas.<\/p>\n          <a href=\"http:\/\/dev.upcode.cloud\/famavida\/quem-somos\/\" class=\"btn btn--default\">Conhe\u00e7a melhor<\/a>\n      <\/div><\/div>\n\n\n\n<div class=\"wp-block-column\">  <div id=\"dates-block_5e2d9e9cad8cb\" class=\"block block--dates dates\">\n    <div class=\"title\">\n      <figure><img src=\"https:\/\/famavida.org.br\/site\/wp-content\/uploads\/2020\/01\/blog.jpg\" class=\"img-fluid\"><\/figure>\n      <h2 class=\"title--section\">Alguns dados sobre <br \/>\r\nnosso trabalho<\/h2>\n    <\/div>    \n\n          <ul class=\"list-unstyled m-0 p-0 d-flex flex-column\">\n                  <li class=\"d-flex align-items-center my-3\">\n            <span class=\"mr-4\">300<\/span>\n            <p>Crian\u00e7as Atendidas &#8211; Projeto Social<\/p>\n          <\/li>\n                  <li class=\"d-flex align-items-center my-3\">\n            <span class=\"mr-4\">800<\/span>\n            <p>Col\u00e9gio Gon\u00e7alves L\u00eado<\/p>\n          <\/li>\n              <\/ul>\n      <\/div><\/div>\n<\/div>\n","protected":false},"excerpt":{"rendered":"","protected":false},"author":1,"featured_media":0,"parent":0,"menu_order":0,"comment_status":"closed","ping_status":"closed","template":"","meta":[],"yoast_head":"<!-- This site is optimized with the Yoast SEO plugin v15.4 - https:\/\/yoast.com\/wordpress\/plugins\/seo\/ -->\n<title>Home - Grupo Fama<\/title>\n<meta name=\"robots\" content=\"index, follow, max-snippet:-1, max-image-preview:large, max-video-preview:-1\" \/>\n<link rel=\"canonical\" href=\"https:\/\/famavida.org.br\/site\/\" \/>\n<meta property=\"og:locale\" content=\"pt_BR\" \/>\n<meta property=\"og:type\" content=\"article\" \/>\n<meta property=\"og:title\" content=\"Home - Grupo Fama\" \/>\n<meta property=\"og:url\" content=\"https:\/\/famavida.org.br\/site\/\" \/>\n<meta property=\"og:site_name\" content=\"Grupo Fama\" \/>\n<meta property=\"article:modified_time\" content=\"2025-02-17T18:38:57+00:00\" \/>\n<meta name=\"twitter:card\" content=\"summary_large_image\" \/>\n<meta name=\"twitter:label1\" content=\"Written by\">\n\t<meta name=\"twitter:data1\" content=\"upcode\">\n\t<meta name=\"twitter:label2\" content=\"Est. reading time\">\n\t<meta name=\"twitter:data2\" content=\"0 minuto\">\n<script type=\"application\/ld+json\" class=\"yoast-schema-graph\">{\"@context\":\"https:\/\/schema.org\",\"@graph\":[{\"@type\":\"WebSite\",\"@id\":\"https:\/\/famavida.org.br\/site\/#website\",\"url\":\"https:\/\/famavida.org.br\/site\/\",\"name\":\"Grupo Fama\",\"description\":\"Grupo Fama\",\"potentialAction\":[{\"@type\":\"SearchAction\",\"target\":\"https:\/\/famavida.org.br\/site\/?s={search_term_string}\",\"query-input\":\"required name=search_term_string\"}],\"inLanguage\":\"pt-BR\"},{\"@type\":\"WebPage\",\"@id\":\"https:\/\/famavida.org.br\/site\/#webpage\",\"url\":\"https:\/\/famavida.org.br\/site\/\",\"name\":\"Home - Grupo Fama\",\"isPartOf\":{\"@id\":\"https:\/\/famavida.org.br\/site\/#website\"},\"datePublished\":\"2020-01-23T23:11:00+00:00\",\"dateModified\":\"2025-02-17T18:38:57+00:00\",\"inLanguage\":\"pt-BR\",\"potentialAction\":[{\"@type\":\"ReadAction\",\"target\":[\"https:\/\/famavida.org.br\/site\/\"]}]}]}<\/script>\n<!-- \/ Yoast SEO plugin. -->","_links":{"self":[{"href":"https:\/\/famavida.org.br\/site\/wp-json\/wp\/v2\/pages\/5"}],"collection":[{"href":"https:\/\/famavida.org.br\/site\/wp-json\/wp\/v2\/pages"}],"about":[{"href":"https:\/\/famavida.org.br\/site\/wp-json\/wp\/v2\/types\/page"}],"author":[{"embeddable":true,"href":"https:\/\/famavida.org.br\/site\/wp-json\/wp\/v2\/users\/1"}],"replies":[{"embeddable":true,"href":"https:\/\/famavida.org.br\/site\/wp-json\/wp\/v2\/comments?post=5"}],"version-history":[{"count":7,"href":"https:\/\/famavida.org.br\/site\/wp-json\/wp\/v2\/pages\/5\/revisions"}],"predecessor-version":[{"id":1089,"href":"https:\/\/famavida.org.br\/site\/wp-json\/wp\/v2\/pages\/5\/revisions\/1089"}],"wp:attachment":[{"href":"https:\/\/famavida.org.br\/site\/wp-json\/wp\/v2\/media?parent=5"}],"curies":[{"name":"wp","href":"https:\/\/api.w.org\/{rel}","templated":true}]}}